{"id":1191,"date":"2020-02-10T10:21:36","date_gmt":"2020-02-10T10:21:36","guid":{"rendered":"http:\/\/gardener.iamabdus.com\/v1.1\/?page_id=1191"},"modified":"2022-05-27T12:03:55","modified_gmt":"2022-05-27T12:03:55","slug":"nuestros-servicios","status":"publish","type":"page","link":"https:\/\/electronobo.com\/index.php\/nuestros-servicios\/","title":{"rendered":"Nuestros servicios"},"content":{"rendered":"\t\t<div data-elementor-type=\"wp-page\" data-elementor-id=\"1191\" class=\"elementor elementor-1191\">\n\t\t\t\t\t\t<section class=\"elementor-section elementor-top-section elementor-element elementor-element-4d46052 elementor-section-boxed elementor-section-height-default elementor-section-height-default\" data-id=\"4d46052\" data-element_type=\"section\" data-e-type=\"section\" data-settings=\"{&quot;background_background&quot;:&quot;classic&quot;}\">\n\t\t\t\t\t\t\t<div class=\"elementor-background-overlay\"><\/div>\n\t\t\t\t\t\t\t<div class=\"elementor-container elementor-column-gap-default\">\n\t\t\t\t\t<div class=\"elementor-column elementor-col-100 elementor-top-column elementor-element elementor-element-3e47456\" data-id=\"3e47456\" data-element_type=\"column\" data-e-type=\"column\">\n\t\t\t<div class=\"elementor-widget-wrap elementor-element-populated\">\n\t\t\t\t\t\t<div class=\"elementor-element elementor-element-6885c03 bg_white elementor-widget elementor-widget-bdt-advanced-heading\" data-id=\"6885c03\" data-element_type=\"widget\" data-e-type=\"widget\" data-widget_type=\"bdt-advanced-heading.default\">\n\t\t\t\t<div class=\"elementor-widget-container\">\n\t\t\t\t\t<div id =\"6885c03\" class=\"bdt-advanced-heading\" data-settings=\"{&quot;titleMultiColor&quot;:&quot;no&quot;}\"><div class=\"bdt-sub-heading\"><div class=\"bdt-sub-heading-content\">NUESTRAS SOLUCIONES EFICIENTES DE TELECONTROL<\/div><\/div> <h2 class=\"bdt-heading-title\"><span class=\"bdt-main-heading\"><span class=\"bdt-main-heading-inner\">S\u00famate a la eficiencia con Gootem<\/span><\/span><\/h2><\/div>\t\t\t\t<\/div>\n\t\t\t\t<\/div>\n\t\t\t\t\t<\/div>\n\t\t<\/div>\n\t\t\t\t\t<\/div>\n\t\t<\/section>\n\t\t\t\t<section class=\"elementor-section elementor-top-section elementor-element elementor-element-9642bc6 elementor-section-boxed elementor-section-height-default elementor-section-height-default\" data-id=\"9642bc6\" data-element_type=\"section\" data-e-type=\"section\">\n\t\t\t\t\t\t<div class=\"elementor-container elementor-column-gap-no\">\n\t\t\t\t\t<div class=\"elementor-column elementor-col-100 elementor-top-column elementor-element elementor-element-8138a95\" data-id=\"8138a95\" data-element_type=\"column\" data-e-type=\"column\" data-settings=\"{&quot;background_background&quot;:&quot;classic&quot;}\">\n\t\t\t<div class=\"elementor-widget-wrap elementor-element-populated\">\n\t\t\t\t\t\t<section class=\"elementor-section elementor-inner-section elementor-element elementor-element-9a9abd1 elementor-section-boxed elementor-section-height-default elementor-section-height-default\" data-id=\"9a9abd1\" data-element_type=\"section\" data-e-type=\"section\">\n\t\t\t\t\t\t<div class=\"elementor-container elementor-column-gap-no\">\n\t\t\t\t\t<div class=\"elementor-column elementor-col-33 elementor-inner-column elementor-element elementor-element-7749b4d gardener-services\" data-id=\"7749b4d\" data-element_type=\"column\" data-e-type=\"column\" data-settings=\"{&quot;background_background&quot;:&quot;classic&quot;}\">\n\t\t\t<div class=\"elementor-widget-wrap elementor-element-populated\">\n\t\t\t\t\t\t<div class=\"elementor-element elementor-element-9a284ae bdt-icon-type-image bdt-global-link-yes elementor-position-top bdt-icon-effect-none elementor-widget elementor-widget-bdt-advanced-icon-box\" data-id=\"9a284ae\" data-element_type=\"widget\" data-e-type=\"widget\" data-widget_type=\"bdt-advanced-icon-box.default\">\n\t\t\t\t<div class=\"elementor-widget-container\">\n\t\t\t\t\t\t\t<div class=\"bdt-advanced-icon-box\" onclick=\"window.open(&#039;https:\/\/electronobo.com\/index.php\/gootem-mn\/&#039;, &#039;_self&#039;)\">\n\n\t\t\t\t\t\t\t\n\t\t\t\t\t\t\t<div class=\"bdt-advanced-icon-box-icon\">\n\t\t\t\t\t<span class=\"bdt-icon-wrapper\">\n\n\n\t\t\t\t\t\t\t\t\t\t\t\t\t<img decoding=\"async\" src=\"https:\/\/electronobo.com\/wp-content\/uploads\/2022\/05\/Electronobo_GootemMN2.png\" alt=\"Gootem GM\">\n\t\t\t\t\t\t\t\t\t\t\t<\/span>\n\t\t\t\t<\/div>\n\t\t\t\n\t\t\t\t\t\t\t\t\n\t\t\t<div class=\"bdt-advanced-icon-box-content\">\n\t\t\t\t\n\t\t\t\t\t\t\t\t\t\n\t\t\t\t<h3 class=\"bdt-advanced-icon-box-title\">\n\t\t\t\t<span >\n\t\t\t\t\tGootem GM\t\t\t\t<\/span>\n\t\t\t<\/h3>\n\t\t\n\n\t\t\n\t\t\t\t\t\t\n\t\t\t\t\n\t\t\t\t\t\t\t\t\t<div class=\"bdt-advanced-icon-box-description\">\n\t\t\t\t\t\t<p>Automatizaci\u00f3n para peque\u00f1as extensiones agr\u00edcolas.<\/p>\t\t\t\t\t<\/div>\n\t\t\t\t\n\t\t\t\t\t\t\t<\/div>\n\t\t<\/div>\n\n\t\t\n\t\t\n\t\t\t\t\t\t<\/div>\n\t\t\t\t<\/div>\n\t\t\t\t\t<\/div>\n\t\t<\/div>\n\t\t\t\t<div class=\"elementor-column elementor-col-33 elementor-inner-column elementor-element elementor-element-427bb15 gardener-services\" data-id=\"427bb15\" data-element_type=\"column\" data-e-type=\"column\" data-settings=\"{&quot;background_background&quot;:&quot;classic&quot;}\">\n\t\t\t<div class=\"elementor-widget-wrap elementor-element-populated\">\n\t\t\t\t\t\t<div class=\"elementor-element elementor-element-08f60fa bdt-icon-type-image bdt-global-link-yes elementor-position-top bdt-icon-effect-none elementor-widget elementor-widget-bdt-advanced-icon-box\" data-id=\"08f60fa\" data-element_type=\"widget\" data-e-type=\"widget\" data-widget_type=\"bdt-advanced-icon-box.default\">\n\t\t\t\t<div class=\"elementor-widget-container\">\n\t\t\t\t\t\t\t<div class=\"bdt-advanced-icon-box\" onclick=\"window.open(&#039;gootem-gr&#039;, &#039;_self&#039;)\">\n\n\t\t\t\t\t\t\t\n\t\t\t\t\t\t\t<div class=\"bdt-advanced-icon-box-icon\">\n\t\t\t\t\t<span class=\"bdt-icon-wrapper\">\n\n\n\t\t\t\t\t\t\t\t\t\t\t\t\t<img decoding=\"async\" src=\"https:\/\/electronobo.com\/wp-content\/uploads\/2022\/05\/Electronobo_GootemGR.png\" alt=\"Gootem GR\">\n\t\t\t\t\t\t\t\t\t\t\t<\/span>\n\t\t\t\t<\/div>\n\t\t\t\n\t\t\t\t\t\t\t\t\n\t\t\t<div class=\"bdt-advanced-icon-box-content\">\n\t\t\t\t\n\t\t\t\t\t\t\t\t\t\n\t\t\t\t<h3 class=\"bdt-advanced-icon-box-title\">\n\t\t\t\t<span >\n\t\t\t\t\tGootem GR\t\t\t\t<\/span>\n\t\t\t<\/h3>\n\t\t\n\n\t\t\n\t\t\t\t\t\t\n\t\t\t\t\n\t\t\t\t\t\t\t\t\t<div class=\"bdt-advanced-icon-box-description\">\n\t\t\t\t\t\t<p>La eficiencia para las grandes fincas de cultivo.<\/p>\t\t\t\t\t<\/div>\n\t\t\t\t\n\t\t\t\t\t\t\t<\/div>\n\t\t<\/div>\n\n\t\t\n\t\t\n\t\t\t\t\t\t<\/div>\n\t\t\t\t<\/div>\n\t\t\t\t\t<\/div>\n\t\t<\/div>\n\t\t\t\t<div class=\"elementor-column elementor-col-33 elementor-inner-column elementor-element elementor-element-f77e957 gardener-services\" data-id=\"f77e957\" data-element_type=\"column\" data-e-type=\"column\" data-settings=\"{&quot;background_background&quot;:&quot;classic&quot;}\">\n\t\t\t<div class=\"elementor-widget-wrap elementor-element-populated\">\n\t\t\t\t\t\t<div class=\"elementor-element elementor-element-2d6f29a bdt-icon-type-image bdt-global-link-yes elementor-position-top bdt-icon-effect-none elementor-widget elementor-widget-bdt-advanced-icon-box\" data-id=\"2d6f29a\" data-element_type=\"widget\" data-e-type=\"widget\" data-widget_type=\"bdt-advanced-icon-box.default\">\n\t\t\t\t<div class=\"elementor-widget-container\">\n\t\t\t\t\t\t\t<div class=\"bdt-advanced-icon-box\" onclick=\"window.open(&#039;.\/single-service\/&#039;, &#039;_self&#039;)\">\n\n\t\t\t\t\t\t\t\n\t\t\t\t\t\t\t<div class=\"bdt-advanced-icon-box-icon\">\n\t\t\t\t\t<span class=\"bdt-icon-wrapper\">\n\n\n\t\t\t\t\t\t\t\t\t\t\t\t\t<img decoding=\"async\" src=\"https:\/\/electronobo.com\/wp-content\/uploads\/2022\/05\/Electronobo_Gootem_Software.png\" alt=\"Software\">\n\t\t\t\t\t\t\t\t\t\t\t<\/span>\n\t\t\t\t<\/div>\n\t\t\t\n\t\t\t\t\t\t\t\t\n\t\t\t<div class=\"bdt-advanced-icon-box-content\">\n\t\t\t\t\n\t\t\t\t\t\t\t\t\t\n\t\t\t\t<h3 class=\"bdt-advanced-icon-box-title\">\n\t\t\t\t<span >\n\t\t\t\t\tSoftware\t\t\t\t<\/span>\n\t\t\t<\/h3>\n\t\t\n\n\t\t\n\t\t\t\t\t\t\n\t\t\t\t\n\t\t\t\t\t\t\t\t\t<div class=\"bdt-advanced-icon-box-description\">\n\t\t\t\t\t\t<p>Todos los programas que tu campo de cultivo necesita.<\/p>\t\t\t\t\t<\/div>\n\t\t\t\t\n\t\t\t\t\t\t\t<\/div>\n\t\t<\/div>\n\n\t\t\n\t\t\n\t\t\t\t\t\t<\/div>\n\t\t\t\t<\/div>\n\t\t\t\t\t<\/div>\n\t\t<\/div>\n\t\t\t\t\t<\/div>\n\t\t<\/section>\n\t\t\t\t\t<\/div>\n\t\t<\/div>\n\t\t\t\t\t<\/div>\n\t\t<\/section>\n\t\t\t\t<\/div>\n\t\t","protected":false},"excerpt":{"rendered":"<p>NUESTRAS SOLUCIONES EFICIENTES DE TELECONTROL S\u00famate a la eficiencia con Gootem Gootem GM Automatizaci\u00f3n para peque\u00f1as extensiones agr\u00edcolas. Gootem GR &hellip;<\/p>\n","protected":false},"author":1,"featured_media":0,"parent":0,"menu_order":0,"comment_status":"closed","ping_status":"closed","template":"","meta":{"inline_featured_image":false,"footnotes":""},"class_list":["post-1191","page","type-page","status-publish","hentry"],"yoast_head":"<!-- This site is optimized with the Yoast SEO plugin v27.5 - https:\/\/yoast.com\/product\/yoast-seo-wordpress\/ -->\n<title>Nuestros servicios - Electronobo<\/title>\n<meta name=\"robots\" content=\"index, follow, max-snippet:-1, max-image-preview:large, max-video-preview:-1\" \/>\n<link rel=\"canonical\" href=\"https:\/\/electronobo.com\/index.php\/nuestros-servicios\/\" \/>\n<meta property=\"og:locale\" content=\"es_ES\" \/>\n<meta property=\"og:type\" content=\"article\" \/>\n<meta property=\"og:title\" content=\"Nuestros servicios - Electronobo\" \/>\n<meta property=\"og:description\" content=\"NUESTRAS SOLUCIONES EFICIENTES DE TELECONTROL S\u00famate a la eficiencia con Gootem Gootem GM Automatizaci\u00f3n para peque\u00f1as extensiones agr\u00edcolas. Gootem GR &hellip;\" \/>\n<meta property=\"og:url\" content=\"https:\/\/electronobo.com\/index.php\/nuestros-servicios\/\" \/>\n<meta property=\"og:site_name\" content=\"Electronobo\" \/>\n<meta property=\"article:publisher\" content=\"https:\/\/www.facebook.com\/electronobo\/\" \/>\n<meta property=\"article:modified_time\" content=\"2022-05-27T12:03:55+00:00\" \/>\n<meta property=\"og:image\" content=\"http:\/\/electronobo.com\/wp-content\/uploads\/2022\/05\/Electronobo_GootemMN2.png\" \/>\n<meta name=\"twitter:card\" content=\"summary_large_image\" \/>\n<meta name=\"twitter:site\" content=\"@electro_nobo\" \/>\n<script type=\"application\/ld+json\" class=\"yoast-schema-graph\">{\"@context\":\"https:\\\/\\\/schema.org\",\"@graph\":[{\"@type\":\"WebPage\",\"@id\":\"https:\\\/\\\/electronobo.com\\\/index.php\\\/nuestros-servicios\\\/\",\"url\":\"https:\\\/\\\/electronobo.com\\\/index.php\\\/nuestros-servicios\\\/\",\"name\":\"Nuestros servicios - Electronobo\",\"isPartOf\":{\"@id\":\"https:\\\/\\\/electronobo.com\\\/#website\"},\"primaryImageOfPage\":{\"@id\":\"https:\\\/\\\/electronobo.com\\\/index.php\\\/nuestros-servicios\\\/#primaryimage\"},\"image\":{\"@id\":\"https:\\\/\\\/electronobo.com\\\/index.php\\\/nuestros-servicios\\\/#primaryimage\"},\"thumbnailUrl\":\"http:\\\/\\\/electronobo.com\\\/wp-content\\\/uploads\\\/2022\\\/05\\\/Electronobo_GootemMN2.png\",\"datePublished\":\"2020-02-10T10:21:36+00:00\",\"dateModified\":\"2022-05-27T12:03:55+00:00\",\"breadcrumb\":{\"@id\":\"https:\\\/\\\/electronobo.com\\\/index.php\\\/nuestros-servicios\\\/#breadcrumb\"},\"inLanguage\":\"es\",\"potentialAction\":[{\"@type\":\"ReadAction\",\"target\":[\"https:\\\/\\\/electronobo.com\\\/index.php\\\/nuestros-servicios\\\/\"]}]},{\"@type\":\"ImageObject\",\"inLanguage\":\"es\",\"@id\":\"https:\\\/\\\/electronobo.com\\\/index.php\\\/nuestros-servicios\\\/#primaryimage\",\"url\":\"http:\\\/\\\/electronobo.com\\\/wp-content\\\/uploads\\\/2022\\\/05\\\/Electronobo_GootemMN2.png\",\"contentUrl\":\"http:\\\/\\\/electronobo.com\\\/wp-content\\\/uploads\\\/2022\\\/05\\\/Electronobo_GootemMN2.png\"},{\"@type\":\"BreadcrumbList\",\"@id\":\"https:\\\/\\\/electronobo.com\\\/index.php\\\/nuestros-servicios\\\/#breadcrumb\",\"itemListElement\":[{\"@type\":\"ListItem\",\"position\":1,\"name\":\"Portada\",\"item\":\"https:\\\/\\\/electronobo.com\\\/\"},{\"@type\":\"ListItem\",\"position\":2,\"name\":\"Nuestros servicios\"}]},{\"@type\":\"WebSite\",\"@id\":\"https:\\\/\\\/electronobo.com\\\/#website\",\"url\":\"https:\\\/\\\/electronobo.com\\\/\",\"name\":\"Electronobo\",\"description\":\"Sistemas de telecontrol para el regad\u00edo\",\"publisher\":{\"@id\":\"https:\\\/\\\/electronobo.com\\\/#organization\"},\"alternateName\":\"Sistemas de telecontrol para el regad\u00edo\",\"potentialAction\":[{\"@type\":\"SearchAction\",\"target\":{\"@type\":\"EntryPoint\",\"urlTemplate\":\"https:\\\/\\\/electronobo.com\\\/?s={search_term_string}\"},\"query-input\":{\"@type\":\"PropertyValueSpecification\",\"valueRequired\":true,\"valueName\":\"search_term_string\"}}],\"inLanguage\":\"es\"},{\"@type\":\"Organization\",\"@id\":\"https:\\\/\\\/electronobo.com\\\/#organization\",\"name\":\"Electronobo\",\"alternateName\":\"Sistemas de telecontrol para el regad\u00edo\",\"url\":\"https:\\\/\\\/electronobo.com\\\/\",\"logo\":{\"@type\":\"ImageObject\",\"inLanguage\":\"es\",\"@id\":\"https:\\\/\\\/electronobo.com\\\/#\\\/schema\\\/logo\\\/image\\\/\",\"url\":\"https:\\\/\\\/electronobo.com\\\/wp-content\\\/uploads\\\/2022\\\/05\\\/cropped-Electronobo_automatizacion_regadio.png\",\"contentUrl\":\"https:\\\/\\\/electronobo.com\\\/wp-content\\\/uploads\\\/2022\\\/05\\\/cropped-Electronobo_automatizacion_regadio.png\",\"width\":210,\"height\":56,\"caption\":\"Electronobo\"},\"image\":{\"@id\":\"https:\\\/\\\/electronobo.com\\\/#\\\/schema\\\/logo\\\/image\\\/\"},\"sameAs\":[\"https:\\\/\\\/www.facebook.com\\\/electronobo\\\/\",\"https:\\\/\\\/x.com\\\/electro_nobo\",\"https:\\\/\\\/www.linkedin.com\\\/company\\\/electronobo\\\/\"]}]}<\/script>\n<!-- \/ Yoast SEO plugin. -->","yoast_head_json":{"title":"Nuestros servicios - Electronobo","robots":{"index":"index","follow":"follow","max-snippet":"max-snippet:-1","max-image-preview":"max-image-preview:large","max-video-preview":"max-video-preview:-1"},"canonical":"https:\/\/electronobo.com\/index.php\/nuestros-servicios\/","og_locale":"es_ES","og_type":"article","og_title":"Nuestros servicios - Electronobo","og_description":"NUESTRAS SOLUCIONES EFICIENTES DE TELECONTROL S\u00famate a la eficiencia con Gootem Gootem GM Automatizaci\u00f3n para peque\u00f1as extensiones agr\u00edcolas. Gootem GR &hellip;","og_url":"https:\/\/electronobo.com\/index.php\/nuestros-servicios\/","og_site_name":"Electronobo","article_publisher":"https:\/\/www.facebook.com\/electronobo\/","article_modified_time":"2022-05-27T12:03:55+00:00","og_image":[{"url":"http:\/\/electronobo.com\/wp-content\/uploads\/2022\/05\/Electronobo_GootemMN2.png","type":"","width":"","height":""}],"twitter_card":"summary_large_image","twitter_site":"@electro_nobo","schema":{"@context":"https:\/\/schema.org","@graph":[{"@type":"WebPage","@id":"https:\/\/electronobo.com\/index.php\/nuestros-servicios\/","url":"https:\/\/electronobo.com\/index.php\/nuestros-servicios\/","name":"Nuestros servicios - Electronobo","isPartOf":{"@id":"https:\/\/electronobo.com\/#website"},"primaryImageOfPage":{"@id":"https:\/\/electronobo.com\/index.php\/nuestros-servicios\/#primaryimage"},"image":{"@id":"https:\/\/electronobo.com\/index.php\/nuestros-servicios\/#primaryimage"},"thumbnailUrl":"http:\/\/electronobo.com\/wp-content\/uploads\/2022\/05\/Electronobo_GootemMN2.png","datePublished":"2020-02-10T10:21:36+00:00","dateModified":"2022-05-27T12:03:55+00:00","breadcrumb":{"@id":"https:\/\/electronobo.com\/index.php\/nuestros-servicios\/#breadcrumb"},"inLanguage":"es","potentialAction":[{"@type":"ReadAction","target":["https:\/\/electronobo.com\/index.php\/nuestros-servicios\/"]}]},{"@type":"ImageObject","inLanguage":"es","@id":"https:\/\/electronobo.com\/index.php\/nuestros-servicios\/#primaryimage","url":"http:\/\/electronobo.com\/wp-content\/uploads\/2022\/05\/Electronobo_GootemMN2.png","contentUrl":"http:\/\/electronobo.com\/wp-content\/uploads\/2022\/05\/Electronobo_GootemMN2.png"},{"@type":"BreadcrumbList","@id":"https:\/\/electronobo.com\/index.php\/nuestros-servicios\/#breadcrumb","itemListElement":[{"@type":"ListItem","position":1,"name":"Portada","item":"https:\/\/electronobo.com\/"},{"@type":"ListItem","position":2,"name":"Nuestros servicios"}]},{"@type":"WebSite","@id":"https:\/\/electronobo.com\/#website","url":"https:\/\/electronobo.com\/","name":"Electronobo","description":"Sistemas de telecontrol para el regad\u00edo","publisher":{"@id":"https:\/\/electronobo.com\/#organization"},"alternateName":"Sistemas de telecontrol para el regad\u00edo","potentialAction":[{"@type":"SearchAction","target":{"@type":"EntryPoint","urlTemplate":"https:\/\/electronobo.com\/?s={search_term_string}"},"query-input":{"@type":"PropertyValueSpecification","valueRequired":true,"valueName":"search_term_string"}}],"inLanguage":"es"},{"@type":"Organization","@id":"https:\/\/electronobo.com\/#organization","name":"Electronobo","alternateName":"Sistemas de telecontrol para el regad\u00edo","url":"https:\/\/electronobo.com\/","logo":{"@type":"ImageObject","inLanguage":"es","@id":"https:\/\/electronobo.com\/#\/schema\/logo\/image\/","url":"https:\/\/electronobo.com\/wp-content\/uploads\/2022\/05\/cropped-Electronobo_automatizacion_regadio.png","contentUrl":"https:\/\/electronobo.com\/wp-content\/uploads\/2022\/05\/cropped-Electronobo_automatizacion_regadio.png","width":210,"height":56,"caption":"Electronobo"},"image":{"@id":"https:\/\/electronobo.com\/#\/schema\/logo\/image\/"},"sameAs":["https:\/\/www.facebook.com\/electronobo\/","https:\/\/x.com\/electro_nobo","https:\/\/www.linkedin.com\/company\/electronobo\/"]}]}},"_links":{"self":[{"href":"https:\/\/electronobo.com\/index.php\/wp-json\/wp\/v2\/pages\/1191","targetHints":{"allow":["GET"]}}],"collection":[{"href":"https:\/\/electronobo.com\/index.php\/wp-json\/wp\/v2\/pages"}],"about":[{"href":"https:\/\/electronobo.com\/index.php\/wp-json\/wp\/v2\/types\/page"}],"author":[{"embeddable":true,"href":"https:\/\/electronobo.com\/index.php\/wp-json\/wp\/v2\/users\/1"}],"replies":[{"embeddable":true,"href":"https:\/\/electronobo.com\/index.php\/wp-json\/wp\/v2\/comments?post=1191"}],"version-history":[{"count":35,"href":"https:\/\/electronobo.com\/index.php\/wp-json\/wp\/v2\/pages\/1191\/revisions"}],"predecessor-version":[{"id":6259,"href":"https:\/\/electronobo.com\/index.php\/wp-json\/wp\/v2\/pages\/1191\/revisions\/6259"}],"wp:attachment":[{"href":"https:\/\/electronobo.com\/index.php\/wp-json\/wp\/v2\/media?parent=1191"}],"curies":[{"name":"wp","href":"https:\/\/api.w.org\/{rel}","templated":true}]}}